{"id":27587560,"date":"2025-10-22T06:41:45","date_gmt":"2025-10-22T06:41:45","guid":{"rendered":"https:\/\/test.patiofurnituresco.com\/?page_id=27587560"},"modified":"2025-11-21T05:56:13","modified_gmt":"2025-11-21T05:56:13","slug":"benutzungsbedingungen","status":"publish","type":"page","link":"https:\/\/patiofurnituresco.com\/de\/benutzungsbedingungen\/","title":{"rendered":"Nutzungsbedingungen"},"content":{"rendered":"<p>[et_pb_section fb_built=&#8221;1&#8243; _builder_version=&#8221;4.27.4&#8243; _module_preset=&#8221;default&#8221; hover_enabled=&#8221;0&#8243; global_colors_info=&#8221;{}&#8221; sticky_enabled=&#8221;0&#8243;][et_pb_row _builder_version=&#8221;4.27.4&#8243; _module_preset=&#8221;default&#8221; hover_enabled=&#8221;0&#8243; global_colors_info=&#8221;{}&#8221; sticky_enabled=&#8221;0&#8243;][et_pb_column type=&#8221;4_4&#8243; _builder_version=&#8221;4.27.4&#8243; _module_preset=&#8221;default&#8221; global_colors_info=&#8221;{}&#8221;][et_pb_text _builder_version=&#8221;4.27.4&#8243; _module_preset=&#8221;default&#8221; custom_margin=&#8221;||||false|false&#8221; hover_enabled=&#8221;0&#8243; global_colors_info=&#8221;{}&#8221; sticky_enabled=&#8221;0&#8243;]<\/p>\n<h1>Nutzungsbedingungen<\/h1>\n<p><em>Zuletzt aktualisiert: Oktober 22, 2025<\/em><\/p>\n<p>Bitte lesen Sie diese Nutzungsbedingungen (\u201cBedingungen\u201d, \u201cTerms of Use\u201d) sorgf\u00e4ltig durch, bevor Sie die<span>\u00a0<\/span><a href=\"https:\/\/patiofurnituresco.com\/de\/\">https:\/\/www.patiofurnituresco.com\/<\/a><span>\u00a0<\/span>Website (der \u201cDienst\u201d), betrieben von<span> <\/span><strong>Terrassenm\u00f6bel<\/strong><span>\u00a0<\/span>(\u201cwir\u201d, \u201cuns\u201d oder \u201cunser\u201d).<\/p>\n<p>Indem Sie auf den Dienst zugreifen oder ihn nutzen, erkl\u00e4ren Sie sich mit den vorliegenden Bedingungen einverstanden. Wenn Sie mit irgendeinem Teil der Bedingungen nicht einverstanden sind, d\u00fcrfen Sie nicht auf den Dienst zugreifen.<\/p>\n<hr \/>\n<h2>1. Nutzung der Website<\/h2>\n<p>Patiofurnituresco gew\u00e4hrt Ihnen eine begrenzte, nicht ausschlie\u00dfliche, nicht \u00fcbertragbare und widerrufliche Lizenz zur Nutzung des Dienstes f\u00fcr pers\u00f6nliche oder gesch\u00e4ftliche Zwecke in \u00dcbereinstimmung mit diesen Bedingungen.<\/p>\n<p>Sie verpflichten sich, den Dienst nicht missbr\u00e4uchlich zu nutzen oder auf ihn in einer Weise zuzugreifen, die die Funktionalit\u00e4t oder Sicherheit der Website besch\u00e4digen, deaktivieren oder beeintr\u00e4chtigen k\u00f6nnte.<\/p>\n<hr \/>\n<h2>2. Links zu anderen Websites<\/h2>\n<p>Unser Service kann Links zu Webseiten oder Dienstleistungen Dritter enthalten, die nicht im Besitz oder unter der Kontrolle von Patiofurnituresco sind.<\/p>\n<p>Wir haben keine Kontrolle \u00fcber und \u00fcbernehmen keine Verantwortung f\u00fcr den Inhalt, die Datenschutzrichtlinien oder die Praktiken von Websites Dritter. Sie erkennen an und erkl\u00e4ren sich damit einverstanden, dass wir nicht f\u00fcr Sch\u00e4den oder Verluste haften, die durch Ihre Nutzung solcher externen Inhalte, Waren oder Dienstleistungen entstehen.<\/p>\n<p>Wir empfehlen Ihnen, die Bedingungen und Datenschutzrichtlinien der Websites Dritter, die Sie besuchen, zu lesen.<\/p>\n<hr \/>\n<h2>3. Beendigung<\/h2>\n<p>Wir k\u00f6nnen Ihren Zugang zum Dienst jederzeit ohne vorherige Ank\u00fcndigung oder Haftung aus beliebigen Gr\u00fcnden aussetzen oder beenden, auch wenn Sie gegen die Bedingungen versto\u00dfen.<\/p>\n<p>Nach der Beendigung bleiben alle Bestimmungen, die ihrer Natur nach fortbestehen sollten, in Kraft, einschlie\u00dflich Eigentumsrechte, Gew\u00e4hrleistungsausschl\u00fcsse, Entsch\u00e4digung und Haftungsbeschr\u00e4nkungen.<\/p>\n<hr \/>\n<h2>4. Geistiges Eigentum<\/h2>\n<p>Alle Inhalte, Marken, Warenzeichen und Medien auf dieser Website sind geistiges Eigentum von Patiofurnituresco oder seinen Lizenzgebern und d\u00fcrfen nicht ohne unsere vorherige schriftliche Zustimmung verwendet werden.<\/p>\n<hr \/>\n<h2>5. Geltendes Recht<\/h2>\n<p>Diese Bedingungen unterliegen den Gesetzen der Volksrepublik China und werden in \u00dcbereinstimmung mit diesen ausgelegt, ohne R\u00fccksicht auf die Kollisionsnormen.<\/p>\n<p>Sollte eine Bestimmung ung\u00fcltig oder nicht durchsetzbar sein, bleiben die \u00fcbrigen Bestimmungen in vollem Umfang in Kraft und wirksam.<\/p>\n<hr \/>\n<h2>6. \u00c4nderungen der Bedingungen<\/h2>\n<p>Wir behalten uns das Recht vor, diese Bedingungen jederzeit zu aktualisieren oder zu ersetzen. Wenn die \u00c4nderungen wesentlich sind, werden wir versuchen, sie mindestens 30 Tage vor Inkrafttreten der neuen Bedingungen anzuk\u00fcndigen.<\/p>\n<p>Durch die weitere Nutzung des Dienstes nach Inkrafttreten von \u00c4nderungen erkl\u00e4ren Sie sich mit den \u00fcberarbeiteten Bedingungen einverstanden. Wenn Sie die neuen Bedingungen nicht akzeptieren, m\u00fcssen Sie die Nutzung des Dienstes einstellen.<\/p>\n<hr \/>\n<h2>7. Kontakt<\/h2>\n<p>Wenn Sie Fragen zu diesen Bedingungen haben, kontaktieren Sie uns bitte unter:<\/p>\n<p><strong>Terrassenm\u00f6bel<\/strong><br \/>E-Mail:<span>\u00a0<\/span><a href=\"mailto:info@patiofurnituresco.com\">info@patiofurnituresco.com<\/a><br \/>Website:<span>\u00a0<\/span><a href=\"https:\/\/patiofurnituresco.com\/de\/\">https:\/\/www.patiofurnituresco.com<\/a><\/p>\n<p>[\/et_pb_text][\/et_pb_column][\/et_pb_row][\/et_pb_section]<\/p>","protected":false},"excerpt":{"rendered":"<p>Terms of Use Last Updated: October 22, 2025 Please read these Terms of Use (\u201cTerms\u201d, \u201cTerms of Use\u201d) carefully before using the\u00a0https:\/\/www.patiofurnituresco.com\/\u00a0website (the \u201cService\u201d) operated by Patiofurnituresco\u00a0(\u201cwe\u201d, \u201cus\u201d, or \u201cour\u201d). By accessing or using the Service, you agree to be bound by these Terms. If you do not agree to any part of the Terms, you may not access the Service. 1. Use of the Website Patiofurnituresco grants you a limited, non-exclusive, non-transferable, and revocable license to use the Service for personal or business purposes in accordance with these Terms. You agree not to misuse the Service or access it in a way that could damage, disable, or impair the functionality or security of the website. 2. Links to Other Websites Our Service may contain links to third-party websites or services that are not owned or controlled by Patiofurnituresco. We have no control over, and assume no responsibility for, the content, privacy policies, or practices of any third-party websites. You acknowledge and agree that we shall not be liable for any damage or loss caused by your use of such external content, goods, or services. We recommend that you review the terms and privacy policies of any third-party websites you [&hellip;]<\/p>","protected":false},"author":1,"featured_media":0,"parent":0,"menu_order":0,"comment_status":"closed","ping_status":"closed","template":"","meta":{"_et_pb_use_builder":"on","_et_pb_old_content":"","_et_gb_content_width":"","footnotes":""},"dipi_cpt_category":[],"class_list":["post-27587560","page","type-page","status-publish","hentry"],"_links":{"self":[{"href":"https:\/\/patiofurnituresco.com\/de\/wp-json\/wp\/v2\/pages\/27587560","targetHints":{"allow":["GET"]}}],"collection":[{"href":"https:\/\/patiofurnituresco.com\/de\/wp-json\/wp\/v2\/pages"}],"about":[{"href":"https:\/\/patiofurnituresco.com\/de\/wp-json\/wp\/v2\/types\/page"}],"author":[{"embeddable":true,"href":"https:\/\/patiofurnituresco.com\/de\/wp-json\/wp\/v2\/users\/1"}],"replies":[{"embeddable":true,"href":"https:\/\/patiofurnituresco.com\/de\/wp-json\/wp\/v2\/comments?post=27587560"}],"version-history":[{"count":5,"href":"https:\/\/patiofurnituresco.com\/de\/wp-json\/wp\/v2\/pages\/27587560\/revisions"}],"predecessor-version":[{"id":27588093,"href":"https:\/\/patiofurnituresco.com\/de\/wp-json\/wp\/v2\/pages\/27587560\/revisions\/27588093"}],"wp:attachment":[{"href":"https:\/\/patiofurnituresco.com\/de\/wp-json\/wp\/v2\/media?parent=27587560"}],"wp:term":[{"taxonomy":"dipi_cpt_category","embeddable":true,"href":"https:\/\/patiofurnituresco.com\/de\/wp-json\/wp\/v2\/dipi_cpt_category?post=27587560"}],"curies":[{"name":"wp","href":"https:\/\/api.w.org\/{rel}","templated":true}]}}