{"id":27587560,"date":"2025-10-22T06:41:45","date_gmt":"2025-10-22T06:41:45","guid":{"rendered":"https:\/\/test.patiofurnituresco.com\/?page_id=27587560"},"modified":"2025-11-21T05:56:13","modified_gmt":"2025-11-21T05:56:13","slug":"terminos-de-uso","status":"publish","type":"page","link":"https:\/\/patiofurnituresco.com\/es\/terminos-de-uso\/","title":{"rendered":"Condiciones de uso"},"content":{"rendered":"<p>[et_pb_section fb_built=&#8221;1&#8243; _builder_version=&#8221;4.27.4&#8243; _module_preset=&#8221;default&#8221; hover_enabled=&#8221;0&#8243; global_colors_info=&#8221;{}&#8221; sticky_enabled=&#8221;0&#8243;][et_pb_row _builder_version=&#8221;4.27.4&#8243; _module_preset=&#8221;default&#8221; hover_enabled=&#8221;0&#8243; global_colors_info=&#8221;{}&#8221; sticky_enabled=&#8221;0&#8243;][et_pb_column type=&#8221;4_4&#8243; _builder_version=&#8221;4.27.4&#8243; _module_preset=&#8221;default&#8221; global_colors_info=&#8221;{}&#8221;][et_pb_text _builder_version=&#8221;4.27.4&#8243; _module_preset=&#8221;default&#8221; custom_margin=&#8221;||||false|false&#8221; hover_enabled=&#8221;0&#8243; global_colors_info=&#8221;{}&#8221; sticky_enabled=&#8221;0&#8243;]<\/p>\n<h1>Condiciones de uso<\/h1>\n<p><em>\u00daltima actualizaci\u00f3n: 22 de octubre de 2025<\/em><\/p>\n<p>Lea atentamente estas Condiciones de uso (\u201cCondiciones\u201d, \u201cCondiciones de uso\u201d) antes de utilizar el<span>\u00a0<\/span><a href=\"https:\/\/patiofurnituresco.com\/es\/\">https:\/\/www.patiofurnituresco.com\/<\/a><span>\u00a0<\/span>sitio web (el \u201cServicio\u201d) operado por<span> <\/span><strong>Muebles de patio<\/strong><span>\u00a0<\/span>(\u201cnosotros\u201d, \u201cnos\u201d o \u201cnuestro\u201d).<\/p>\n<p>Al acceder o utilizar el Servicio, usted acepta quedar vinculado por estas Condiciones. Si no est\u00e1 de acuerdo con alguna parte de las Condiciones, no podr\u00e1 acceder al Servicio.<\/p>\n<hr \/>\n<h2>1. Uso del sitio web<\/h2>\n<p>Patiofurnituresco le concede una licencia limitada, no exclusiva, intransferible y revocable para utilizar el Servicio con fines personales o comerciales de conformidad con las presentes Condiciones.<\/p>\n<p>Usted se compromete a no hacer un uso indebido del Servicio ni a acceder a \u00e9l de forma que pueda da\u00f1ar, desactivar o deteriorar la funcionalidad o la seguridad del sitio web.<\/p>\n<hr \/>\n<h2>2. Enlaces a otros sitios web<\/h2>\n<p>Nuestro Servicio puede contener enlaces a sitios web o servicios de terceros que no son propiedad ni est\u00e1n controlados por Patiofurnituresco.<\/p>\n<p>No tenemos control ni asumimos responsabilidad alguna por el contenido, las pol\u00edticas de privacidad o las pr\u00e1cticas de los sitios web de terceros. Usted reconoce y acepta que no seremos responsables de ning\u00fan da\u00f1o o p\u00e9rdida causados por su uso de dichos contenidos, bienes o servicios externos.<\/p>\n<p>Le recomendamos que revise los t\u00e9rminos y las pol\u00edticas de privacidad de cualquier sitio web de terceros que visite.<\/p>\n<hr \/>\n<h2>3. Rescisi\u00f3n<\/h2>\n<p>Podemos suspender o cancelar su acceso al Servicio en cualquier momento, sin previo aviso ni responsabilidad alguna, por cualquier motivo, incluyendo el incumplimiento de los T\u00e9rminos.<\/p>\n<p>Tras la rescisi\u00f3n, todas las disposiciones que por su naturaleza deban seguir vigentes permanecer\u00e1n en vigor, incluidos los derechos de propiedad, las renuncias de garant\u00eda, la indemnizaci\u00f3n y las limitaciones de responsabilidad.<\/p>\n<hr \/>\n<h2>4. Propiedad intelectual<\/h2>\n<p>Todo el contenido, la marca, las marcas registradas y los medios de comunicaci\u00f3n de este sitio web son propiedad intelectual de Patiofurnituresco o de sus licenciantes y no pueden utilizarse sin nuestro consentimiento previo por escrito.<\/p>\n<hr \/>\n<h2>5. Legislaci\u00f3n aplicable<\/h2>\n<p>Estos T\u00e9rminos se rigen e interpretan de conformidad con las leyes de la Rep\u00fablica Popular China, sin tener en cuenta sus normas sobre conflicto de leyes.<\/p>\n<p>Si alguna disposici\u00f3n se considera inv\u00e1lida o inaplicable, las disposiciones restantes seguir\u00e1n en pleno vigor y efecto.<\/p>\n<hr \/>\n<h2>6. Cambios en los T\u00e9rminos<\/h2>\n<p>Nos reservamos el derecho de actualizar o sustituir estos T\u00e9rminos en cualquier momento. Si los cambios son importantes, intentaremos avisar con al menos 30 d\u00edas de antelaci\u00f3n antes de que los nuevos t\u00e9rminos entren en vigor.<\/p>\n<p>Al continuar utilizando el Servicio despu\u00e9s de que los cambios entren en vigor, usted acepta quedar vinculado por los T\u00e9rminos revisados. Si no acepta los nuevos T\u00e9rminos, debe dejar de utilizar el Servicio.<\/p>\n<hr \/>\n<h2>7. Cont\u00e1ctenos<\/h2>\n<p>Si tiene alguna pregunta sobre estos T\u00e9rminos, p\u00f3ngase en contacto con nosotros en:<\/p>\n<p><strong>Muebles de patio<\/strong><br \/>Correo electr\u00f3nico:<span>\u00a0<\/span><a href=\"mailto:info@patiofurnituresco.com\">info@patiofurnituresco.com<\/a><br \/>Sitio web:<span>\u00a0<\/span><a href=\"https:\/\/patiofurnituresco.com\/es\/\">https:\/\/www.patiofurnituresco.com<\/a><\/p>\n<p>[\/et_pb_text][\/et_pb_column][\/et_pb_row][\/et_pb_section]<\/p>","protected":false},"excerpt":{"rendered":"<p>Terms of Use Last Updated: October 22, 2025 Please read these Terms of Use (\u201cTerms\u201d, \u201cTerms of Use\u201d) carefully before using the\u00a0https:\/\/www.patiofurnituresco.com\/\u00a0website (the \u201cService\u201d) operated by Patiofurnituresco\u00a0(\u201cwe\u201d, \u201cus\u201d, or \u201cour\u201d). By accessing or using the Service, you agree to be bound by these Terms. If you do not agree to any part of the Terms, you may not access the Service. 1. Use of the Website Patiofurnituresco grants you a limited, non-exclusive, non-transferable, and revocable license to use the Service for personal or business purposes in accordance with these Terms. You agree not to misuse the Service or access it in a way that could damage, disable, or impair the functionality or security of the website. 2. Links to Other Websites Our Service may contain links to third-party websites or services that are not owned or controlled by Patiofurnituresco. We have no control over, and assume no responsibility for, the content, privacy policies, or practices of any third-party websites. You acknowledge and agree that we shall not be liable for any damage or loss caused by your use of such external content, goods, or services. We recommend that you review the terms and privacy policies of any third-party websites you [&hellip;]<\/p>","protected":false},"author":1,"featured_media":0,"parent":0,"menu_order":0,"comment_status":"closed","ping_status":"closed","template":"","meta":{"_et_pb_use_builder":"on","_et_pb_old_content":"","_et_gb_content_width":"","footnotes":""},"dipi_cpt_category":[],"class_list":["post-27587560","page","type-page","status-publish","hentry"],"_links":{"self":[{"href":"https:\/\/patiofurnituresco.com\/es\/wp-json\/wp\/v2\/pages\/27587560","targetHints":{"allow":["GET"]}}],"collection":[{"href":"https:\/\/patiofurnituresco.com\/es\/wp-json\/wp\/v2\/pages"}],"about":[{"href":"https:\/\/patiofurnituresco.com\/es\/wp-json\/wp\/v2\/types\/page"}],"author":[{"embeddable":true,"href":"https:\/\/patiofurnituresco.com\/es\/wp-json\/wp\/v2\/users\/1"}],"replies":[{"embeddable":true,"href":"https:\/\/patiofurnituresco.com\/es\/wp-json\/wp\/v2\/comments?post=27587560"}],"version-history":[{"count":5,"href":"https:\/\/patiofurnituresco.com\/es\/wp-json\/wp\/v2\/pages\/27587560\/revisions"}],"predecessor-version":[{"id":27588093,"href":"https:\/\/patiofurnituresco.com\/es\/wp-json\/wp\/v2\/pages\/27587560\/revisions\/27588093"}],"wp:attachment":[{"href":"https:\/\/patiofurnituresco.com\/es\/wp-json\/wp\/v2\/media?parent=27587560"}],"wp:term":[{"taxonomy":"dipi_cpt_category","embeddable":true,"href":"https:\/\/patiofurnituresco.com\/es\/wp-json\/wp\/v2\/dipi_cpt_category?post=27587560"}],"curies":[{"name":"wp","href":"https:\/\/api.w.org\/{rel}","templated":true}]}}