{"id":27587560,"date":"2025-10-22T06:41:45","date_gmt":"2025-10-22T06:41:45","guid":{"rendered":"https:\/\/test.patiofurnituresco.com\/?page_id=27587560"},"modified":"2025-11-21T05:56:13","modified_gmt":"2025-11-21T05:56:13","slug":"conditions-dutilisation","status":"publish","type":"page","link":"https:\/\/patiofurnituresco.com\/fr\/conditions-dutilisation\/","title":{"rendered":"Conditions d'utilisation"},"content":{"rendered":"<p>[et_pb_section fb_built=&#8221;1&#8243; _builder_version=&#8221;4.27.4&#8243; _module_preset=&#8221;default&#8221; hover_enabled=&#8221;0&#8243; global_colors_info=&#8221;{}&#8221; sticky_enabled=&#8221;0&#8243;][et_pb_row _builder_version=&#8221;4.27.4&#8243; _module_preset=&#8221;default&#8221; hover_enabled=&#8221;0&#8243; global_colors_info=&#8221;{}&#8221; sticky_enabled=&#8221;0&#8243;][et_pb_column type=&#8221;4_4&#8243; _builder_version=&#8221;4.27.4&#8243; _module_preset=&#8221;default&#8221; global_colors_info=&#8221;{}&#8221;][et_pb_text _builder_version=&#8221;4.27.4&#8243; _module_preset=&#8221;default&#8221; custom_margin=&#8221;||||false|false&#8221; hover_enabled=&#8221;0&#8243; global_colors_info=&#8221;{}&#8221; sticky_enabled=&#8221;0&#8243;]<\/p>\n<h1>Conditions d'utilisation<\/h1>\n<p><em>Derni\u00e8re mise \u00e0 jour : 22 octobre 2025<\/em><\/p>\n<p>Veuillez lire attentivement les pr\u00e9sentes conditions d'utilisation (\u201cconditions\u201d, \u201cconditions d'utilisation\u201d) avant d'utiliser le site web de l'Union europ\u00e9enne.<span>\u00a0<\/span><a href=\"https:\/\/patiofurnituresco.com\/fr\/\">https:\/\/www.patiofurnituresco.com\/<\/a><span>\u00a0<\/span>(le \u201cService\u201d) exploit\u00e9 par<span> <\/span><strong>Patiofurnituresco<\/strong><span>\u00a0<\/span>(\u201cnous\u201d, \u201cnotre\u201d ou \u201cnos\u201d).<\/p>\n<p>En acc\u00e9dant au service ou en l'utilisant, vous acceptez d'\u00eatre li\u00e9 par les pr\u00e9sentes conditions. Si vous n'acceptez pas une partie des conditions, vous ne pouvez pas acc\u00e9der au service.<\/p>\n<hr \/>\n<h2>1. Utilisation du site web<\/h2>\n<p>Patiofurnituresco vous accorde une licence limit\u00e9e, non exclusive, non transf\u00e9rable et r\u00e9vocable pour utiliser le service \u00e0 des fins personnelles ou professionnelles conform\u00e9ment aux pr\u00e9sentes conditions.<\/p>\n<p>Vous acceptez de ne pas abuser du service ou d'y acc\u00e9der d'une mani\u00e8re susceptible d'endommager, de d\u00e9sactiver ou de compromettre la fonctionnalit\u00e9 ou la s\u00e9curit\u00e9 du site web.<\/p>\n<hr \/>\n<h2>2. Liens vers d'autres sites web<\/h2>\n<p>Notre service peut contenir des liens vers des sites web ou des services de tiers qui ne sont pas d\u00e9tenus ou contr\u00f4l\u00e9s par Patiofurnituresco.<\/p>\n<p>Nous n'avons aucun contr\u00f4le sur le contenu, les politiques de confidentialit\u00e9 ou les pratiques des sites web de tiers et n'assumons aucune responsabilit\u00e9 \u00e0 cet \u00e9gard. Vous reconnaissez et acceptez que nous ne soyons pas responsables des dommages ou pertes caus\u00e9s par l'utilisation de ces contenus, biens ou services externes.<\/p>\n<p>Nous vous recommandons de consulter les conditions et les politiques de confidentialit\u00e9 des sites web de tiers que vous visitez.<\/p>\n<hr \/>\n<h2>3. R\u00e9siliation<\/h2>\n<p>Nous pouvons suspendre ou r\u00e9silier votre acc\u00e8s au service \u00e0 tout moment, sans pr\u00e9avis ni responsabilit\u00e9, pour quelque raison que ce soit, y compris si vous enfreignez les conditions.<\/p>\n<p>En cas de r\u00e9siliation, toutes les dispositions qui doivent survivre de par leur nature resteront en vigueur, y compris les droits de propri\u00e9t\u00e9, les exclusions de garantie, l'indemnisation et les limitations de responsabilit\u00e9.<\/p>\n<hr \/>\n<h2>4. Propri\u00e9t\u00e9 intellectuelle<\/h2>\n<p>L'ensemble du contenu, de la marque, des marques et des m\u00e9dias de ce site Web est la propri\u00e9t\u00e9 intellectuelle de Patiofurnituresco ou de ses conc\u00e9dants de licence et ne peut \u00eatre utilis\u00e9 sans notre accord \u00e9crit pr\u00e9alable.<\/p>\n<hr \/>\n<h2>5. Droit applicable<\/h2>\n<p>Les pr\u00e9sentes conditions sont r\u00e9gies et interpr\u00e9t\u00e9es conform\u00e9ment aux lois de la R\u00e9publique populaire de Chine, sans tenir compte des r\u00e8gles de conflit de lois.<\/p>\n<p>Si une disposition est jug\u00e9e invalide ou inapplicable, les autres dispositions resteront pleinement en vigueur.<\/p>\n<hr \/>\n<h2>6. Modifications des conditions<\/h2>\n<p>Nous nous r\u00e9servons le droit de mettre \u00e0 jour ou de remplacer les pr\u00e9sentes conditions \u00e0 tout moment. Si les changements sont importants, nous nous efforcerons de donner un pr\u00e9avis d'au moins 30 jours avant l'entr\u00e9e en vigueur des nouvelles conditions.<\/p>\n<p>En continuant \u00e0 utiliser le service apr\u00e8s l'entr\u00e9e en vigueur de toute modification, vous acceptez d'\u00eatre li\u00e9 par les conditions r\u00e9vis\u00e9es. Si vous n'acceptez pas les nouvelles conditions, vous devez cesser d'utiliser le service.<\/p>\n<hr \/>\n<h2>7. Nous contacter<\/h2>\n<p>Si vous avez des questions concernant les pr\u00e9sentes conditions, veuillez nous contacter \u00e0 l'adresse suivante :<\/p>\n<p><strong>Patiofurnituresco<\/strong><br \/>Courriel :<span>\u00a0<\/span><a href=\"mailto:info@patiofurnituresco.com\">info@patiofurnituresco.com<\/a><br \/>Site web :<span>\u00a0<\/span><a href=\"https:\/\/patiofurnituresco.com\/fr\/\">https:\/\/www.patiofurnituresco.com<\/a><\/p>\n<p>[\/et_pb_text][\/et_pb_column][\/et_pb_row][\/et_pb_section]<\/p>","protected":false},"excerpt":{"rendered":"<p>Terms of Use Last Updated: October 22, 2025 Please read these Terms of Use (\u201cTerms\u201d, \u201cTerms of Use\u201d) carefully before using the\u00a0https:\/\/www.patiofurnituresco.com\/\u00a0website (the \u201cService\u201d) operated by Patiofurnituresco\u00a0(\u201cwe\u201d, \u201cus\u201d, or \u201cour\u201d). By accessing or using the Service, you agree to be bound by these Terms. If you do not agree to any part of the Terms, you may not access the Service. 1. Use of the Website Patiofurnituresco grants you a limited, non-exclusive, non-transferable, and revocable license to use the Service for personal or business purposes in accordance with these Terms. You agree not to misuse the Service or access it in a way that could damage, disable, or impair the functionality or security of the website. 2. Links to Other Websites Our Service may contain links to third-party websites or services that are not owned or controlled by Patiofurnituresco. We have no control over, and assume no responsibility for, the content, privacy policies, or practices of any third-party websites. You acknowledge and agree that we shall not be liable for any damage or loss caused by your use of such external content, goods, or services. We recommend that you review the terms and privacy policies of any third-party websites you [&hellip;]<\/p>","protected":false},"author":1,"featured_media":0,"parent":0,"menu_order":0,"comment_status":"closed","ping_status":"closed","template":"","meta":{"_et_pb_use_builder":"on","_et_pb_old_content":"","_et_gb_content_width":"","footnotes":""},"dipi_cpt_category":[],"class_list":["post-27587560","page","type-page","status-publish","hentry"],"_links":{"self":[{"href":"https:\/\/patiofurnituresco.com\/fr\/wp-json\/wp\/v2\/pages\/27587560","targetHints":{"allow":["GET"]}}],"collection":[{"href":"https:\/\/patiofurnituresco.com\/fr\/wp-json\/wp\/v2\/pages"}],"about":[{"href":"https:\/\/patiofurnituresco.com\/fr\/wp-json\/wp\/v2\/types\/page"}],"author":[{"embeddable":true,"href":"https:\/\/patiofurnituresco.com\/fr\/wp-json\/wp\/v2\/users\/1"}],"replies":[{"embeddable":true,"href":"https:\/\/patiofurnituresco.com\/fr\/wp-json\/wp\/v2\/comments?post=27587560"}],"version-history":[{"count":5,"href":"https:\/\/patiofurnituresco.com\/fr\/wp-json\/wp\/v2\/pages\/27587560\/revisions"}],"predecessor-version":[{"id":27588093,"href":"https:\/\/patiofurnituresco.com\/fr\/wp-json\/wp\/v2\/pages\/27587560\/revisions\/27588093"}],"wp:attachment":[{"href":"https:\/\/patiofurnituresco.com\/fr\/wp-json\/wp\/v2\/media?parent=27587560"}],"wp:term":[{"taxonomy":"dipi_cpt_category","embeddable":true,"href":"https:\/\/patiofurnituresco.com\/fr\/wp-json\/wp\/v2\/dipi_cpt_category?post=27587560"}],"curies":[{"name":"wp","href":"https:\/\/api.w.org\/{rel}","templated":true}]}}