{"id":27587560,"date":"2025-10-22T06:41:45","date_gmt":"2025-10-22T06:41:45","guid":{"rendered":"https:\/\/test.patiofurnituresco.com\/?page_id=27587560"},"modified":"2025-11-21T05:56:13","modified_gmt":"2025-11-21T05:56:13","slug":"termos-de-uso","status":"publish","type":"page","link":"https:\/\/patiofurnituresco.com\/pt\/termos-de-uso\/","title":{"rendered":"Termos de Utiliza\u00e7\u00e3o"},"content":{"rendered":"<p>[et_pb_section fb_built=&#8221;1&#8243; _builder_version=&#8221;4.27.4&#8243; _module_preset=&#8221;default&#8221; hover_enabled=&#8221;0&#8243; global_colors_info=&#8221;{}&#8221; sticky_enabled=&#8221;0&#8243;][et_pb_row _builder_version=&#8221;4.27.4&#8243; _module_preset=&#8221;default&#8221; hover_enabled=&#8221;0&#8243; global_colors_info=&#8221;{}&#8221; sticky_enabled=&#8221;0&#8243;][et_pb_column type=&#8221;4_4&#8243; _builder_version=&#8221;4.27.4&#8243; _module_preset=&#8221;default&#8221; global_colors_info=&#8221;{}&#8221;][et_pb_text _builder_version=&#8221;4.27.4&#8243; _module_preset=&#8221;default&#8221; custom_margin=&#8221;||||false|false&#8221; hover_enabled=&#8221;0&#8243; global_colors_info=&#8221;{}&#8221; sticky_enabled=&#8221;0&#8243;]<\/p>\n<h1>Termos de Utiliza\u00e7\u00e3o<\/h1>\n<p><em>\u00daltima atualiza\u00e7\u00e3o: 22 de outubro de 2025<\/em><\/p>\n<p>Leia atentamente estes Termos de Utiliza\u00e7\u00e3o (\u201cTermos\u201d, \u201cTermos de Utiliza\u00e7\u00e3o\u201d) antes de utilizar o<span>\u00a0<\/span><a href=\"https:\/\/patiofurnituresco.com\/pt\/\">https:\/\/www.patiofurnituresco.com\/<\/a><span>\u00a0<\/span>website (o \u201cServi\u00e7o\u201d) operado por<span> <\/span><strong>M\u00f3veis de jardim<\/strong><span>\u00a0<\/span>(\u201cn\u00f3s\u201d, \u201cnos\u201d ou \u201cnosso\u201d).<\/p>\n<p>Ao aceder ou utilizar o Servi\u00e7o, concorda em ficar vinculado a estes Termos. Se n\u00e3o concordar com qualquer parte dos Termos, n\u00e3o poder\u00e1 aceder ao Servi\u00e7o.<\/p>\n<hr \/>\n<h2>1. Utiliza\u00e7\u00e3o do Website<\/h2>\n<p>A Patiofurnituresco concede-lhe uma licen\u00e7a limitada, n\u00e3o exclusiva, intransfer\u00edvel e revog\u00e1vel para utilizar o Servi\u00e7o para fins pessoais ou comerciais, de acordo com estes Termos.<\/p>\n<p>Concorda em n\u00e3o utilizar indevidamente o Servi\u00e7o nem aceder ao mesmo de forma que possa danificar, desativar ou prejudicar a funcionalidade ou a seguran\u00e7a do website.<\/p>\n<hr \/>\n<h2>2. Links para outros sites<\/h2>\n<p>O nosso Servi\u00e7o pode conter links para sites ou servi\u00e7os de terceiros que n\u00e3o s\u00e3o de propriedade nem controlados pela Patiofurnituresco.<\/p>\n<p>N\u00e3o temos controlo nem assumimos qualquer responsabilidade pelo conte\u00fado, pol\u00edticas de privacidade ou pr\u00e1ticas de quaisquer sites de terceiros. O utilizador reconhece e concorda que n\u00e3o seremos respons\u00e1veis por quaisquer danos ou perdas causados pela sua utiliza\u00e7\u00e3o de tais conte\u00fados, bens ou servi\u00e7os externos.<\/p>\n<p>Recomendamos que reveja os termos e as pol\u00edticas de privacidade de quaisquer sites de terceiros que visitar.<\/p>\n<hr \/>\n<h2>3. Rescis\u00e3o<\/h2>\n<p>Podemos suspender ou encerrar o seu acesso ao Servi\u00e7o a qualquer momento, sem aviso pr\u00e9vio ou responsabilidade, por qualquer motivo, incluindo se voc\u00ea violar os Termos.<\/p>\n<p>Ap\u00f3s a rescis\u00e3o, todas as disposi\u00e7\u00f5es que, por sua natureza, devam permanecer em vigor, permanecer\u00e3o em vigor, incluindo direitos de propriedade, isen\u00e7\u00f5es de garantia, indeniza\u00e7\u00e3o e limita\u00e7\u00f5es de responsabilidade.<\/p>\n<hr \/>\n<h2>4. Propriedade intelectual<\/h2>\n<p>Todo o conte\u00fado, marcas registadas e meios de comunica\u00e7\u00e3o neste site s\u00e3o propriedade intelectual da Patiofurnituresco ou dos seus licenciadores e n\u00e3o podem ser utilizados sem o nosso consentimento pr\u00e9vio por escrito.<\/p>\n<hr \/>\n<h2>5. Lei aplic\u00e1vel<\/h2>\n<p>Estes Termos s\u00e3o regidos e interpretados de acordo com as leis da Rep\u00fablica Popular da China, sem levar em considera\u00e7\u00e3o as suas regras de conflito de leis.<\/p>\n<p>Se qualquer disposi\u00e7\u00e3o for considerada inv\u00e1lida ou inexequ\u00edvel, as restantes disposi\u00e7\u00f5es permanecer\u00e3o em pleno vigor e efeito.<\/p>\n<hr \/>\n<h2>6. Altera\u00e7\u00f5es aos Termos<\/h2>\n<p>Reservamo-nos o direito de atualizar ou substituir estes Termos a qualquer momento. Se as altera\u00e7\u00f5es forem significativas, tentaremos fornecer um aviso pr\u00e9vio de pelo menos 30 dias antes que os novos termos entrem em vigor.<\/p>\n<p>Ao continuar a utilizar o Servi\u00e7o ap\u00f3s a entrada em vigor de quaisquer altera\u00e7\u00f5es, concorda em ficar vinculado aos Termos revistos. Se n\u00e3o aceitar os novos Termos, deve deixar de utilizar o Servi\u00e7o.<\/p>\n<hr \/>\n<h2>7. Contacte-nos<\/h2>\n<p>Se tiver alguma d\u00favida sobre estes Termos, entre em contacto connosco atrav\u00e9s do seguinte endere\u00e7o:<\/p>\n<p><strong>M\u00f3veis de jardim<\/strong><br \/>E-mail:<span>\u00a0<\/span><a href=\"mailto:info@patiofurnituresco.com\">info@patiofurnituresco.com<\/a><br \/>Site:<span>\u00a0<\/span><a href=\"https:\/\/patiofurnituresco.com\/pt\/\">https:\/\/www.patiofurnituresco.com<\/a><\/p>\n<p>[\/et_pb_text][\/et_pb_column][\/et_pb_row][\/et_pb_section]<\/p>","protected":false},"excerpt":{"rendered":"<p>Terms of Use Last Updated: October 22, 2025 Please read these Terms of Use (\u201cTerms\u201d, \u201cTerms of Use\u201d) carefully before using the\u00a0https:\/\/www.patiofurnituresco.com\/\u00a0website (the \u201cService\u201d) operated by Patiofurnituresco\u00a0(\u201cwe\u201d, \u201cus\u201d, or \u201cour\u201d). By accessing or using the Service, you agree to be bound by these Terms. If you do not agree to any part of the Terms, you may not access the Service. 1. Use of the Website Patiofurnituresco grants you a limited, non-exclusive, non-transferable, and revocable license to use the Service for personal or business purposes in accordance with these Terms. You agree not to misuse the Service or access it in a way that could damage, disable, or impair the functionality or security of the website. 2. Links to Other Websites Our Service may contain links to third-party websites or services that are not owned or controlled by Patiofurnituresco. We have no control over, and assume no responsibility for, the content, privacy policies, or practices of any third-party websites. You acknowledge and agree that we shall not be liable for any damage or loss caused by your use of such external content, goods, or services. We recommend that you review the terms and privacy policies of any third-party websites you [&hellip;]<\/p>","protected":false},"author":1,"featured_media":0,"parent":0,"menu_order":0,"comment_status":"closed","ping_status":"closed","template":"","meta":{"_et_pb_use_builder":"on","_et_pb_old_content":"","_et_gb_content_width":"","footnotes":""},"dipi_cpt_category":[],"class_list":["post-27587560","page","type-page","status-publish","hentry"],"_links":{"self":[{"href":"https:\/\/patiofurnituresco.com\/pt\/wp-json\/wp\/v2\/pages\/27587560","targetHints":{"allow":["GET"]}}],"collection":[{"href":"https:\/\/patiofurnituresco.com\/pt\/wp-json\/wp\/v2\/pages"}],"about":[{"href":"https:\/\/patiofurnituresco.com\/pt\/wp-json\/wp\/v2\/types\/page"}],"author":[{"embeddable":true,"href":"https:\/\/patiofurnituresco.com\/pt\/wp-json\/wp\/v2\/users\/1"}],"replies":[{"embeddable":true,"href":"https:\/\/patiofurnituresco.com\/pt\/wp-json\/wp\/v2\/comments?post=27587560"}],"version-history":[{"count":5,"href":"https:\/\/patiofurnituresco.com\/pt\/wp-json\/wp\/v2\/pages\/27587560\/revisions"}],"predecessor-version":[{"id":27588093,"href":"https:\/\/patiofurnituresco.com\/pt\/wp-json\/wp\/v2\/pages\/27587560\/revisions\/27588093"}],"wp:attachment":[{"href":"https:\/\/patiofurnituresco.com\/pt\/wp-json\/wp\/v2\/media?parent=27587560"}],"wp:term":[{"taxonomy":"dipi_cpt_category","embeddable":true,"href":"https:\/\/patiofurnituresco.com\/pt\/wp-json\/wp\/v2\/dipi_cpt_category?post=27587560"}],"curies":[{"name":"wp","href":"https:\/\/api.w.org\/{rel}","templated":true}]}}